{"id":3,"date":"2025-04-30T08:44:18","date_gmt":"2025-04-30T06:44:18","guid":{"rendered":"http:\/\/lymph-tech.fr\/?page_id=3"},"modified":"2025-05-02T12:01:14","modified_gmt":"2025-05-02T10:01:14","slug":"politique-de-confidentialite","status":"publish","type":"page","link":"https:\/\/lymph-tech.fr\/index.php\/politique-de-confidentialite\/","title":{"rendered":""},"content":{"rendered":"\t\t<div data-elementor-type=\"wp-page\" data-elementor-id=\"3\" class=\"elementor elementor-3\">\n\t\t\t\t<div class=\"elementor-element elementor-element-27d9a47 e-flex e-con-boxed e-con e-parent\" data-id=\"27d9a47\" data-element_type=\"container\" data-e-type=\"container\">\n\t\t\t\t\t<div class=\"e-con-inner\">\n\t\t\t\t<div class=\"elementor-element elementor-element-c011753 elementor-widget elementor-widget-heading\" data-id=\"c011753\" data-element_type=\"widget\" data-e-type=\"widget\" data-widget_type=\"heading.default\">\n\t\t\t\t<div class=\"elementor-widget-container\">\n\t\t\t\t\t<h1 class=\"elementor-heading-title elementor-size-default\">Legal informations<\/h1>\t\t\t\t<\/div>\n\t\t\t\t<\/div>\n\t\t\t\t\t<\/div>\n\t\t\t\t<\/div>\n\t\t<div class=\"elementor-element elementor-element-13c5e5b6 e-flex e-con-boxed e-con e-parent\" data-id=\"13c5e5b6\" data-element_type=\"container\" data-e-type=\"container\">\n\t\t\t\t\t<div class=\"e-con-inner\">\n\t\t\t\t<div class=\"elementor-element elementor-element-4f3b26ed elementor-widget elementor-widget-text-editor\" data-id=\"4f3b26ed\" data-element_type=\"widget\" data-e-type=\"widget\" data-widget_type=\"text-editor.default\">\n\t\t\t\t<div class=\"elementor-widget-container\">\n\t\t\t\t\t\t\t\t\t<p><\/p>\n<div>\n<ul>\n<li><strong>Editeur du Site :<\/strong>\u00a0LYMPH TECH<\/li>\n<li><strong>Si\u00e8ge social\u00a0<\/strong><strong>:<\/strong>\u00a020 RUE DE LAS CROZES 31450 POMPERTUZAT<\/li>\n<li><strong>Capital social<\/strong>\u00a0:\u00a050 000 euros<\/li>\n<li><strong>RCS Toulouse\u00a0<\/strong><strong>:<\/strong>\u00a0983 408 428<\/li>\n<li><strong>N\u00b0TVA intracommunautaire\u00a0<\/strong><strong>:<\/strong>\u00a0FR 75983408428<\/li>\n<li><strong>Email\u00a0<\/strong><strong>:<\/strong>\u00a0contact@lymph-tech.fr<\/li>\n<li><strong>Num\u00e9ro de t\u00e9l\u00e9phone\u00a0<\/strong><strong>:<\/strong>\u00a006.22.42.01.88<\/li>\n<li><strong>Directeur de la publication :<\/strong>\u00a0VINCENT NIS<\/li>\n<li><strong>H\u00e9bergeur de l\u2019application :<\/strong>\u00a0OVH Si\u00e8ge social\u00a0: 2 rue Kerllmann, 59100 Roubaix<\/li>\n<li><strong>Lieu d\u2019h\u00e9bergement des donn\u00e9es\u00a0<\/strong><strong>:<\/strong>\u00a0France<\/li>\n<\/ul>\n<\/div>\n<p><\/p>\t\t\t\t\t\t\t\t<\/div>\n\t\t\t\t<\/div>\n\t\t\t\t\t<\/div>\n\t\t\t\t<\/div>\n\t\t\t\t<\/div>\n\t\t","protected":false},"excerpt":{"rendered":"<p>Legal informations Editeur du Site :\u00a0LYMPH TECH Si\u00e8ge social\u00a0:\u00a020 RUE DE LAS CROZES 31450 POMPERTUZAT Capital social\u00a0:\u00a050 000 euros RCS Toulouse\u00a0:\u00a0983 408 428 N\u00b0TVA intracommunautaire\u00a0:\u00a0FR 75983408428 Email\u00a0:\u00a0contact@lymph-tech.fr Num\u00e9ro de t\u00e9l\u00e9phone\u00a0:\u00a006.22.42.01.88 Directeur de la publication :\u00a0VINCENT NIS H\u00e9bergeur de l\u2019application :\u00a0OVH Si\u00e8ge social\u00a0: 2 rue Kerllmann, 59100 Roubaix Lieu d\u2019h\u00e9bergement des donn\u00e9es\u00a0:\u00a0France<\/p>\n","protected":false},"author":1,"featured_media":0,"parent":0,"menu_order":0,"comment_status":"closed","ping_status":"open","template":"","meta":{"footnotes":""},"class_list":["post-3","page","type-page","status-publish","hentry"],"_links":{"self":[{"href":"https:\/\/lymph-tech.fr\/index.php\/wp-json\/wp\/v2\/pages\/3","targetHints":{"allow":["GET"]}}],"collection":[{"href":"https:\/\/lymph-tech.fr\/index.php\/wp-json\/wp\/v2\/pages"}],"about":[{"href":"https:\/\/lymph-tech.fr\/index.php\/wp-json\/wp\/v2\/types\/page"}],"author":[{"embeddable":true,"href":"https:\/\/lymph-tech.fr\/index.php\/wp-json\/wp\/v2\/users\/1"}],"replies":[{"embeddable":true,"href":"https:\/\/lymph-tech.fr\/index.php\/wp-json\/wp\/v2\/comments?post=3"}],"version-history":[{"count":9,"href":"https:\/\/lymph-tech.fr\/index.php\/wp-json\/wp\/v2\/pages\/3\/revisions"}],"predecessor-version":[{"id":162,"href":"https:\/\/lymph-tech.fr\/index.php\/wp-json\/wp\/v2\/pages\/3\/revisions\/162"}],"wp:attachment":[{"href":"https:\/\/lymph-tech.fr\/index.php\/wp-json\/wp\/v2\/media?parent=3"}],"curies":[{"name":"wp","href":"https:\/\/api.w.org\/{rel}","templated":true}]}}